{"id":112,"date":"2023-06-12T09:56:12","date_gmt":"2023-06-12T07:56:12","guid":{"rendered":"http:\/\/creationspetitsloupscouture.fr\/?page_id=112"},"modified":"2023-06-12T10:11:22","modified_gmt":"2023-06-12T08:11:22","slug":"conditions-generales-de-vente","status":"publish","type":"page","link":"https:\/\/creationspetitsloupscouture.fr\/index.php\/conditions-generales-de-vente\/","title":{"rendered":"Conditions g\u00e9n\u00e9rales de vente"},"content":{"rendered":"\n<p><strong>ARTICLE 1 : PR\u00c9AMBULE<\/strong><\/p>\n\n\n\n<p>\u00ab Cr\u00e9ationspetitsloupscouture \u00bb est une entreprise individuelle.<\/p>\n\n\n\n<p>Les pr\u00e9sentes conditions g\u00e9n\u00e9rales de vente repr\u00e9sentent l&rsquo;ensemble des stipulations qui constituent l&rsquo;offre \u00e9mise par \u00ab Cr\u00e9ationspetitsloupscouture \u00bb, dont le si\u00e8ge social est situ\u00e9 \u00e0 Angoul\u00eame (16000) &#8211; 6 bis Rue Antoine de Saint Exup\u00e9ry, immatricul\u00e9e au R\u00e9pertoire des M\u00e9tiers de la Charente, SIRET 852 477 496 00016, ci-apr\u00e8s d\u00e9nomm\u00e9e \u00ab Cr\u00e9ationspetitsloupscouture \u00bb, \u00e0 destination de tout acqu\u00e9reur potentiel de ses produits via ce site, ci-apr\u00e8s d\u00e9nomm\u00e9 \u00ab l&rsquo;acheteur \u00bb ou \u00ab le client \u00bb.<\/p>\n\n\n\n<p>Le fait de passer commande implique l&rsquo;adh\u00e9sion pleine et enti\u00e8re du client aux pr\u00e9sentes conditions g\u00e9n\u00e9rales de vente. Je ne peux \u00eatre contractuellement li\u00e9e par aucun autre document que les pr\u00e9sentes conditions g\u00e9n\u00e9rales de vente, et notamment prospectus ou catalogues lesquels n&rsquo;ont qu&rsquo;une valeur indicative. Je me r\u00e9serve le droit de modifier les pr\u00e9sentes conditions g\u00e9n\u00e9rales de vente \u00e0 tout moment.<\/p>\n\n\n\n<p>Tout client peur prendre connaissance \u00e0 tout moment des conditions g\u00e9n\u00e9rales de vente sur cette page. Ces conditions g\u00e9n\u00e9rales de vente pouvant faire l&rsquo;objet de modifications, les conditions applicables sont celles en vigueur sur le site \u00e0 la date de passation de votre commande.<\/p>\n\n\n\n<p>Les pr\u00e9sentes conditions g\u00e9n\u00e9rales de vente visent \u00e0 d\u00e9finir les modalit\u00e9s de vente entre vous et moi, de la commande aux services, en passant par le paiement et la livraison. Elles r\u00e8glent toutes les \u00e9tapes n\u00e9cessaires \u00e0 la passation de la commande et assurent le suivi de celle-ci entre les parties contractantes.<\/p>\n\n\n\n<p><strong>ARTICLE 2 : ACCEPTATION DES CONDITIONS<\/strong><\/p>\n\n\n\n<p>Le client reconnait avoir pris connaissance, au moment de passer de la commande, des conditions g\u00e9n\u00e9rales de ventes \u00e9nonc\u00e9es dans cette page et d\u00e9clare formellement les accepter sans r\u00e9serve.<\/p>\n\n\n\n<p><strong>ARTICLE 3 : PRODUITS<\/strong><\/p>\n\n\n\n<p>Les caract\u00e9ristiques g\u00e9n\u00e9rales des produits command\u00e9s par le client sont indiqu\u00e9es sur la page \u00ab\u00a0boutique\u00a0\u00bb, plus d&rsquo;informations seront disponibles en message priv\u00e9.<\/p>\n\n\n\n<p>Les produits ne sont pas garantis contre l&rsquo;usure normale due \u00e0 une utilisation r\u00e9guli\u00e8re ou \u00e0 une mauvaise utilisation du produit.<\/p>\n\n\n\n<p>Les photographies illustrant les produits sont communiqu\u00e9es \u00e0 titre illustratif.<\/p>\n\n\n\n<p>Les produits sont cr\u00e9\u00e9s \u00e0 la commande avec choix des tissus<\/p>\n\n\n\n<p>Les produits demeurent ma propri\u00e9t\u00e9 jusqu&rsquo;au paiement complet.<\/p>\n\n\n\n<p>Je ne saurai \u00eatre engag\u00e9e en cas de non-respect de la l\u00e9gislation du pays o\u00f9 le produit sera utilis\u00e9.<\/p>\n\n\n\n<p>Les produits sont d\u00e9crits et pr\u00e9sent\u00e9s avec la plus grande exactitude possible. Toutefois, les caract\u00e9ristiques des produits peuvent l\u00e9g\u00e8rement diff\u00e9rer de l&rsquo;\u00e9nonc\u00e9, en raison du caract\u00e8re artisanal de l&rsquo;activit\u00e9, sans que ma responsabilit\u00e9 ne puisse \u00eatre engag\u00e9e, je pense notamment aux diff\u00e9rences de couleurs pouvant exister entre la photo, le calibrage de votre \u00e9cran et le produit fini.<\/p>\n\n\n\n<p>Mes mod\u00e8les m&rsquo;appartiennent et ne peuvent \u00eatre copi\u00e9s. Toute copie des mod\u00e8les sera poursuivie.<\/p>\n\n\n\n<p><strong>ARTICLE 4 : PRIX<\/strong><\/p>\n\n\n\n<p>Les prix sont indiqu\u00e9s en euros hors taxes (ART. 293B du CGI : TVA non applicable).<\/p>\n\n\n\n<p>Je me r\u00e9serve le droit de modifier ces prix \u00e0 tout moment, mais les produits seront factur\u00e9s sur la base des prix en vigueur au moment de l&rsquo;enregistrement de la commande.<\/p>\n\n\n\n<p><strong>ARTICLE 5 : COMMANDE<\/strong><\/p>\n\n\n\n<p>Les commandes se font via message prive et ne peuvent \u00eatre enregistr\u00e9es qu&rsquo;apr\u00e8s acceptation d&rsquo;un devis et paiement d&rsquo;un acompte de 30%<\/p>\n\n\n\n<p>Je me r\u00e9serve le droit d&rsquo;annuler ou de refuser toute commande d&rsquo;un client avec lequel il existerait un litige relatif au paiement d&rsquo;une commande ant\u00e9rieure.<\/p>\n\n\n\n<p>Toute commande vaut acceptation des prix, des pr\u00e9sentes conditions g\u00e9n\u00e9rales de vente et de la description des produits disponibles \u00e0 la vente.<\/p>\n\n\n\n<p><strong>ARTICLE 6 : VALIDATION<\/strong><\/p>\n\n\n\n<p>La validation de la commande interviendra apr\u00e8s r\u00e9ception du paiement total de la commande (via virement bancaire), frais de port compris, ou apr\u00e8s versement d&rsquo;un acompte dans le cas d&rsquo;une commande personnalis\u00e9e.<\/p>\n\n\n\n<p><strong>ARTICLE 7 : DISPONIBILIT\u00c9<\/strong><\/p>\n\n\n\n<p>Les produits pr\u00e9sent\u00e9s sur le site sont les photos des articles, pour les cr\u00e9er avec les choix de tissus. Le temps de cr\u00e9ations apr\u00e8s la commande valid\u00e9 est de 10-15 jours.<\/p>\n\n\n\n<p>&nbsp;<strong>ARTICLE 8 : LIVRAISON<\/strong><\/p>\n\n\n\n<p>Les produits achet\u00e9s sur la page seront livr\u00e9s \u00e0 l&rsquo;adresse indiqu\u00e9e par le client au cours du processus de commande, apr\u00e8s r\u00e9ception du paiement.<\/p>\n\n\n\n<p>Je ne saurai \u00eatre responsable de l&rsquo;absence ou du d\u00e9lai de livraison en cas de force majeure tel que d\u00e9fini par la jurisprudence fran\u00e7aise en vigueur, de perturbations ou gr\u00e8ve g\u00e9n\u00e9rale, totale ou partielle, notamment des services postaux et moyens de transports et \/ ou communication, Inondation, temp\u00eate, incendie.<\/p>\n\n\n\n<p><strong>ARTICLE 9 : PAIEMENT<\/strong><\/p>\n\n\n\n<p>Le r\u00e8glement des achats s&rsquo;effectue soit par lien Sum up soit par un virement bancaire. L&rsquo;envoi du r\u00e8glement en cas de virement bancaire est au trais du client ainsi que toute correspondance postale souhait\u00e9e par le client.<\/p>\n\n\n\n<p><strong>ARTICLE 10 : FRAIS D&rsquo;EXPEDITION<\/strong><\/p>\n\n\n\n<p>Les frais d&rsquo;exp\u00e9dition ne sont pas compris dans le prix pour la France. Je me r\u00e9serve le droit de modifier le montant des frais de port \u00e0 tout moment selon l&rsquo;\u00e9volution des prix de La Poste ou de Mondial Relay. Les envois hors France M\u00e9tropolitaine sont possibles, dans ce cas, merci de m&rsquo;envoyer un mail afin de calculer les frais ensemble.<\/p>\n\n\n\n<p><strong>ARTICLE 11 : DROIT DE R\u00c9TRACTATION<\/strong><\/p>\n\n\n\n<p>Le client dispose d&rsquo;un d\u00e9lai de 14 jours francs \u00e0 compter de la r\u00e9ception du produit pour se r\u00e9tracter, sans avoir \u00e0 justifier de motifs, ni \u00e0 payer de p\u00e9nalit\u00e9s. Il doit retourner le produit dans un d\u00e9lai de 14 jours ouvr\u00e9s \u00e0 compter de la communication de sa d\u00e9cision de se r\u00e9tracter. Aucun envoi contre remboursement ne sera accept\u00e9, quel qu&rsquo;en soit le motif.<\/p>\n\n\n\n<p>Je rembourserai la totalit\u00e9 des sommes vers\u00e9es par le client, \u00e0 l&rsquo;exception des frais de retour qui resteront \u00e0 la charge exclusive du client, dans un d\u00e9lai qui ne pourra exc\u00e9der 14 jours suivant la date \u00e0 laquelle elle a \u00e9t\u00e9 inform\u00e9e du droit de r\u00e9tractation. Je pourrai toutefois diff\u00e9rer le remboursement jusqu&rsquo;\u00e0 r\u00e9cup\u00e9ration du produit ou jusqu&rsquo;\u00e0 ce que le client ait fourni une preuve de l&rsquo;exp\u00e9dition du produit, la date retenue \u00e9tant celle du premier de ces faits.<\/p>\n\n\n\n<p>Le produit devra \u00eatre retourn\u00e9 dans son \u00e9tat d&rsquo;origine et complet (emballage, accessoires &#8230;). Le produit incomplet, abim\u00e9, endommag\u00e9 ou sali ne sera pas accept\u00e9.<\/p>\n\n\n\n<p><strong>FORMULAIRE DE RETRACTATION<\/strong><\/p>\n\n\n\n<p>A l\u2019attention de Karine Juin 6 bis Rue Antoine de Saint Exup\u00e9ry, 16000 Angoul\u00eame seguin.karine@hotmail.fr<\/p>\n\n\n\n<p>Je vous notifie par la pr\u00e9sente ma r\u00e9tractation du contrat portant sur la vente de l\u2019article ci-dessous&nbsp;:<\/p>\n\n\n\n<p>Command\u00e9 le\/ Re\u00e7u le&nbsp;:<\/p>\n\n\n\n<p>Nom du client&nbsp;:<\/p>\n\n\n\n<p>Adresse du client&nbsp;:<\/p>\n\n\n\n<p>Date&nbsp;:<\/p>\n\n\n\n<p>Signature du client&nbsp;:<\/p>\n\n\n\n<p><strong>ARTICLE 12 : RETOUR &#8211; REMBOURSEMENT<\/strong><\/p>\n\n\n\n<p>Outre le cas de retour pr\u00e9vu \u00e0 l&rsquo;article 11, si le produit pr\u00e9sente des d\u00e9fauts, il devra \u00eatre retourn\u00e9 dans les d\u00e9lais applicables \u00e0 la garantie l\u00e9gale de conformit\u00e9 et \u00e0 la garantie l\u00e9gale contre les vices cach\u00e9s \u00e0 compter de sa r\u00e9ception, \u00e0 Cr\u00e9ationspetitsloupscouture, dans son \u00e9tat d&rsquo;origine et complet (emballage, accessoires &#8230;) et accompagn\u00e9 d&rsquo;une copie de la facture.<\/p>\n\n\n\n<p>Le produit incomplet, abim\u00e9, endommag\u00e9 ou sali ne sera pas repris.<\/p>\n\n\n\n<p>Je rembourserai la totalit\u00e9 des sommes vers\u00e9es par le client des lors que la garantie l\u00e9gale de conformit\u00e9 s&rsquo;appliquera ou que le produit ne pourra \u00eatre ni r\u00e9par\u00e9 ni remplace, dans un d\u00e9lai qui ne pourra exc\u00e9der 14 jours suivant la date de r\u00e9ception du produit retourn\u00e9.<\/p>\n\n\n\n<p>Le client devra proc\u00e9der \u00e0 une nouvelle commandes s&rsquo;il souhaite le produit correspondant \u00e0 sa commande initiale.<\/p>\n\n\n\n<p><strong>ARTICLE 13 : INFORMATIONS NOMINATIVES<\/strong><\/p>\n\n\n\n<p>Je m&rsquo;engage \u00e0 ne pas divulguer \u00e0 des tiers les informations communiqu\u00e9es par les utilisateurs sur le site. Celles-ci sont confidentielles. Elles seront exclusivement utilis\u00e9es pour le traitement de la commande et pour la personnalisation du site en fonction des pr\u00e9f\u00e9rences constat\u00e9es chez les clients.<\/p>\n\n\n\n<p>En application de la loi N\u00b0 78-17 Informatique et Libert\u00e9s du 6 janvier 1978, le client b\u00e9n\u00e9ficie d&rsquo;un droit d&rsquo;acc\u00e8s, de modification, de rectification et d&rsquo;opposition sur les donn\u00e9es enregistr\u00e9es le concernant.<\/p>\n\n\n\n<p>Ce droit de rectification pourra \u00eatre exerce \u00e0 tout moment par courrier envoy\u00e9 \u00e0 l&rsquo;adresse indiqu\u00e9e ci-dessous.<\/p>\n\n\n\n<p><strong>ARTICLE 14 : PROPRI\u00c9T\u00c9 INTELLECTUELLE<\/strong><\/p>\n\n\n\n<p>Tous les textes, commentaires, ouvrages, illustrations et images reproduits sur le site sont prot\u00e9g\u00e9s au titre du droit d&rsquo;auteur, droit des marques et droit \u00e0 l&rsquo;image.<\/p>\n\n\n\n<p>Toute reproduction totale ou partielle du catalogue du site est strictement interdite.<\/p>\n\n\n\n<p><strong>ARTICLE 15 : DROIT APPLICABLE &#8211; LITIGES<\/strong><\/p>\n\n\n\n<p>Ma responsabilit\u00e9 ne pourra \u00eatre engag\u00e9e dans le cas o\u00f9 l&rsquo;inex\u00e9cution de mes obligations serait imputable, soit au fait impr\u00e9visible et insurmontable d&rsquo;un tiers au contrat, soit \u00e0 un cas de force majeure telle que d\u00e9finie par la jurisprudence fran\u00e7aise. De m\u00eame, ma responsabilit\u00e9 ne saurait \u00eatre engag\u00e9e pour tous les inconv\u00e9nients ou dommages inh\u00e9rents \u00e0 l&rsquo;utilisation du r\u00e9seau Internet, notamment une rupture de service, une intrusion ext\u00e9rieure ou la pr\u00e9sence de virus informatiques.<\/p>\n\n\n\n<p>En cas de litige et \u00e0 d\u00e9faut de r\u00e8glement amiable, les tribunaux fran\u00e7ais sont seuls comp\u00e9tents.<\/p>\n\n\n\n<p><strong>ARTICLE 16 : MODIFICATION DES CONDITIONS G\u00c9N\u00c9RALES DE VENTE &#8211; R\u00c9CLAMATIONS &#8211; SAV<\/strong><\/p>\n\n\n\n<p>Je me r\u00e9serve le droit de modifier \u00e0 tout moment les conditions g\u00e9n\u00e9rales d&rsquo;utilisation et de vente.<\/p>\n\n\n\n<p>Pour le SAV et toute r\u00e9clamation, le client peut s&rsquo;adresser :<\/p>\n\n\n\n<ul class=\"wp-block-list\">\n<li>Par courrier<\/li>\n<\/ul>\n\n\n\n<p style=\"line-height:0.1\">Cr\u00e9ationspetitsloupscouture<\/p>\n\n\n\n<p style=\"line-height:0.1\">Juin Karine<\/p>\n\n\n\n<p style=\"line-height:0.1\">6 bis Rue Antoine de Saint Exup\u00e9ry<\/p>\n\n\n\n<p style=\"line-height:0.1\">16000 Angoul\u00eame<\/p>\n\n\n\n<ul class=\"wp-block-list\">\n<li>Par courrier \u00e9lectronique<\/li>\n<\/ul>\n\n\n\n<p class=\"has-text-align-left\">seguin.karine@hotmail.fr<\/p>\n\n\n\n<p><strong>LITIGE \u2013 MEDIATION DE LA CONSOMMATION<\/strong><\/p>\n\n\n\n<p><em>En cas de litige entre le Client et l\u2019entreprise, ceux-ci s\u2019efforceront de le r\u00e9soudre \u00e0 l\u2019amiable (le Client adressera une r\u00e9clamation \u00e9crite aupr\u00e8s du professionnel ou, le cas \u00e9ch\u00e9ant, aupr\u00e8s du Service Relations Client\u00e8le du professionnel).<br>A d\u00e9faut d\u2019accord amiable ou en l\u2019absence de r\u00e9ponse du professionnel dans un d\u00e9lai raisonnable d\u2019un (1) mois, le Client consommateur au sens de l\u2019article L.133-4 du code de la consommation&nbsp;a la possibilit\u00e9 de saisir gratuitement, si un d\u00e9saccord subsiste, le m\u00e9diateur comp\u00e9tent inscrit sur la liste des m\u00e9diateurs \u00e9tablie par la Commission d\u2019\u00e9valuation et de contr\u00f4le de la m\u00e9diation de la consommation en application de l\u2019article L.615-1 du code de la consommation, \u00e0 savoir :<br>La Soci\u00e9t\u00e9 M\u00e9diation Professionnelle<br><a rel=\"noreferrer noopener\" href=\"http:\/\/www.mediateur-consommation-smp.fr\/\" target=\"_blank\">www.mediateur-consommation-smp.fr<\/a><br>24 rue Albert de Mun &#8211; 33000 Bordeaux<\/em><\/p>\n\n\n\n<figure class=\"wp-block-image size-large is-resized\"><img loading=\"lazy\" decoding=\"async\" src=\"https:\/\/creationspetitsloupscouture.files.wordpress.com\/2023\/06\/logo-mediateur.png?w=600\" alt=\"\" class=\"wp-image-642\" width=\"334\" height=\"97\"\/><\/figure>\n","protected":false},"excerpt":{"rendered":"<p>ARTICLE 1 : PR\u00c9AMBULE \u00ab Cr\u00e9ationspetitsloupscouture \u00bb est une entreprise individuelle. Les pr\u00e9sentes conditions g\u00e9n\u00e9rales de vente repr\u00e9sentent l&rsquo;ensemble des stipulations qui constituent l&rsquo;offre \u00e9mise par \u00ab Cr\u00e9ationspetitsloupscouture \u00bb, dont le si\u00e8ge social est situ\u00e9 \u00e0 Angoul\u00eame (16000) &#8211; 6 bis Rue Antoine de Saint Exup\u00e9ry, immatricul\u00e9e au R\u00e9pertoire des M\u00e9tiers de la Charente, SIRET&hellip; <a class=\"more-link\" href=\"https:\/\/creationspetitsloupscouture.fr\/index.php\/conditions-generales-de-vente\/\">Poursuivre la lecture <span class=\"screen-reader-text\">Conditions g\u00e9n\u00e9rales de vente<\/span><\/a><\/p>\n","protected":false},"author":1,"featured_media":0,"parent":0,"menu_order":0,"comment_status":"closed","ping_status":"closed","template":"","meta":{"footnotes":""},"class_list":["post-112","page","type-page","status-publish","hentry","entry"],"_links":{"self":[{"href":"https:\/\/creationspetitsloupscouture.fr\/index.php\/wp-json\/wp\/v2\/pages\/112","targetHints":{"allow":["GET"]}}],"collection":[{"href":"https:\/\/creationspetitsloupscouture.fr\/index.php\/wp-json\/wp\/v2\/pages"}],"about":[{"href":"https:\/\/creationspetitsloupscouture.fr\/index.php\/wp-json\/wp\/v2\/types\/page"}],"author":[{"embeddable":true,"href":"https:\/\/creationspetitsloupscouture.fr\/index.php\/wp-json\/wp\/v2\/users\/1"}],"replies":[{"embeddable":true,"href":"https:\/\/creationspetitsloupscouture.fr\/index.php\/wp-json\/wp\/v2\/comments?post=112"}],"version-history":[{"count":1,"href":"https:\/\/creationspetitsloupscouture.fr\/index.php\/wp-json\/wp\/v2\/pages\/112\/revisions"}],"predecessor-version":[{"id":113,"href":"https:\/\/creationspetitsloupscouture.fr\/index.php\/wp-json\/wp\/v2\/pages\/112\/revisions\/113"}],"wp:attachment":[{"href":"https:\/\/creationspetitsloupscouture.fr\/index.php\/wp-json\/wp\/v2\/media?parent=112"}],"curies":[{"name":"wp","href":"https:\/\/api.w.org\/{rel}","templated":true}]}}