{"id":129,"date":"2023-06-12T10:56:02","date_gmt":"2023-06-12T08:56:02","guid":{"rendered":"http:\/\/creationspetitsloupscouture.fr\/?post_type=product&#038;p=129"},"modified":"2023-06-21T14:32:50","modified_gmt":"2023-06-21T12:32:50","slug":"serviette-elastique-gm","status":"publish","type":"product","link":"https:\/\/creationspetitsloupscouture.fr\/index.php\/produit\/serviette-elastique-gm\/","title":{"rendered":"Serviette \u00e9lastique GM"},"content":{"rendered":"<p>&#8211; 100 % coton tissu<\/p>\n<p>&#8211; 100 % \u00e9ponge coton<\/p>\n<p>&#8211; Lavage \u00e0 30\u00b0<\/p>\n<p>&#8211; S\u00e9chage s\u00e8che-linge d\u00e9conseill\u00e9<\/p>\n<p>&#8211; Repassage autoris\u00e9<\/p>\n","protected":false},"excerpt":{"rendered":"<p>Mod\u00e8le de l&rsquo;article : les <a href=\"https:\/\/creationspetitsloupscouture.fr\/index.php\/les-tissus\/\">tissus<\/a> sont \u00e0 choisir lors de la commande<\/p>\n<p>D\u00e9lais de fabrication : 7 jours<\/p>\n<p>Personnalisable<\/p>\n","protected":false},"featured_media":20,"comment_status":"open","ping_status":"closed","template":"","meta":[],"product_cat":[23],"product_tag":[],"class_list":["post-129","product","type-product","status-publish","has-post-thumbnail","hentry","product_cat-bavoir","entry"],"_links":{"self":[{"href":"https:\/\/creationspetitsloupscouture.fr\/index.php\/wp-json\/wp\/v2\/product\/129","targetHints":{"allow":["GET"]}}],"collection":[{"href":"https:\/\/creationspetitsloupscouture.fr\/index.php\/wp-json\/wp\/v2\/product"}],"about":[{"href":"https:\/\/creationspetitsloupscouture.fr\/index.php\/wp-json\/wp\/v2\/types\/product"}],"replies":[{"embeddable":true,"href":"https:\/\/creationspetitsloupscouture.fr\/index.php\/wp-json\/wp\/v2\/comments?post=129"}],"wp:featuredmedia":[{"embeddable":true,"href":"https:\/\/creationspetitsloupscouture.fr\/index.php\/wp-json\/wp\/v2\/media\/20"}],"wp:attachment":[{"href":"https:\/\/creationspetitsloupscouture.fr\/index.php\/wp-json\/wp\/v2\/media?parent=129"}],"wp:term":[{"taxonomy":"product_cat","embeddable":true,"href":"https:\/\/creationspetitsloupscouture.fr\/index.php\/wp-json\/wp\/v2\/product_cat?post=129"},{"taxonomy":"product_tag","embeddable":true,"href":"https:\/\/creationspetitsloupscouture.fr\/index.php\/wp-json\/wp\/v2\/product_tag?post=129"}],"curies":[{"name":"wp","href":"https:\/\/api.w.org\/{rel}","templated":true}]}}