{"id":145,"date":"2023-06-12T11:18:34","date_gmt":"2023-06-12T09:18:34","guid":{"rendered":"http:\/\/creationspetitsloupscouture.fr\/?post_type=product&#038;p=145"},"modified":"2023-06-23T14:29:42","modified_gmt":"2023-06-23T12:29:42","slug":"fleur-de-douche","status":"publish","type":"product","link":"https:\/\/creationspetitsloupscouture.fr\/index.php\/produit\/fleur-de-douche\/","title":{"rendered":"Fleur de douche"},"content":{"rendered":"<p>&#8211; Eponge ou nid d\u2019abeille 100% coton (au choix)<\/p>\n<p>&#8211; Lavage 30\u00b0<\/p>\n<p>&#8211; S\u00e8che-linge et repassage d\u00e9conseill\u00e9<\/p>\n","protected":false},"excerpt":{"rendered":"<p>Couleurs al\u00e9atoire<\/p>\n<p>D\u00e9lais de fabrication : 7 jours<\/p>\n","protected":false},"featured_media":363,"comment_status":"open","ping_status":"closed","template":"","meta":[],"product_cat":[25],"product_tag":[],"class_list":["post-145","product","type-product","status-publish","has-post-thumbnail","hentry","product_cat-zero-dechets","entry"],"_links":{"self":[{"href":"https:\/\/creationspetitsloupscouture.fr\/index.php\/wp-json\/wp\/v2\/product\/145","targetHints":{"allow":["GET"]}}],"collection":[{"href":"https:\/\/creationspetitsloupscouture.fr\/index.php\/wp-json\/wp\/v2\/product"}],"about":[{"href":"https:\/\/creationspetitsloupscouture.fr\/index.php\/wp-json\/wp\/v2\/types\/product"}],"replies":[{"embeddable":true,"href":"https:\/\/creationspetitsloupscouture.fr\/index.php\/wp-json\/wp\/v2\/comments?post=145"}],"wp:featuredmedia":[{"embeddable":true,"href":"https:\/\/creationspetitsloupscouture.fr\/index.php\/wp-json\/wp\/v2\/media\/363"}],"wp:attachment":[{"href":"https:\/\/creationspetitsloupscouture.fr\/index.php\/wp-json\/wp\/v2\/media?parent=145"}],"wp:term":[{"taxonomy":"product_cat","embeddable":true,"href":"https:\/\/creationspetitsloupscouture.fr\/index.php\/wp-json\/wp\/v2\/product_cat?post=145"},{"taxonomy":"product_tag","embeddable":true,"href":"https:\/\/creationspetitsloupscouture.fr\/index.php\/wp-json\/wp\/v2\/product_tag?post=145"}],"curies":[{"name":"wp","href":"https:\/\/api.w.org\/{rel}","templated":true}]}}