{"id":151,"date":"2023-06-12T11:24:07","date_gmt":"2023-06-12T09:24:07","guid":{"rendered":"http:\/\/creationspetitsloupscouture.fr\/?post_type=product&#038;p=151"},"modified":"2023-06-16T14:16:11","modified_gmt":"2023-06-16T12:16:11","slug":"lot-de-2-eponges-plates","status":"publish","type":"product","link":"https:\/\/creationspetitsloupscouture.fr\/index.php\/produit\/lot-de-2-eponges-plates\/","title":{"rendered":"Lot de 2 \u00e9ponges plates"},"content":{"rendered":"<p>&#8211; 100 % coton tissu<\/p>\n<p>&#8211; 100 % \u00e9ponge coton<\/p>\n<p><span style=\"background-color: var(--global--color-background); color: var(--global--color-primary); font-family: var(--global--font-secondary); font-size: var(--global--font-size-base);\">&#8211; Int\u00e9rieur ouate 100% polyester<\/span><\/p>\n<p>&#8211; Lavage \u00e0 30\u00b0<\/p>\n<p>&#8211; S\u00e9chage s\u00e8che-linge d\u00e9conseill\u00e9<\/p>\n<p>&#8211; Repassage autoris\u00e9<\/p>\n","protected":false},"excerpt":{"rendered":"<p>Couleurs al\u00e9atoire<\/p>\n<p>D\u00e9lais de fabrication : 7 jours<\/p>\n","protected":false},"featured_media":39,"comment_status":"open","ping_status":"closed","template":"","meta":[],"product_cat":[25],"product_tag":[],"class_list":["post-151","product","type-product","status-publish","has-post-thumbnail","hentry","product_cat-zero-dechets","entry"],"_links":{"self":[{"href":"https:\/\/creationspetitsloupscouture.fr\/index.php\/wp-json\/wp\/v2\/product\/151","targetHints":{"allow":["GET"]}}],"collection":[{"href":"https:\/\/creationspetitsloupscouture.fr\/index.php\/wp-json\/wp\/v2\/product"}],"about":[{"href":"https:\/\/creationspetitsloupscouture.fr\/index.php\/wp-json\/wp\/v2\/types\/product"}],"replies":[{"embeddable":true,"href":"https:\/\/creationspetitsloupscouture.fr\/index.php\/wp-json\/wp\/v2\/comments?post=151"}],"wp:featuredmedia":[{"embeddable":true,"href":"https:\/\/creationspetitsloupscouture.fr\/index.php\/wp-json\/wp\/v2\/media\/39"}],"wp:attachment":[{"href":"https:\/\/creationspetitsloupscouture.fr\/index.php\/wp-json\/wp\/v2\/media?parent=151"}],"wp:term":[{"taxonomy":"product_cat","embeddable":true,"href":"https:\/\/creationspetitsloupscouture.fr\/index.php\/wp-json\/wp\/v2\/product_cat?post=151"},{"taxonomy":"product_tag","embeddable":true,"href":"https:\/\/creationspetitsloupscouture.fr\/index.php\/wp-json\/wp\/v2\/product_tag?post=151"}],"curies":[{"name":"wp","href":"https:\/\/api.w.org\/{rel}","templated":true}]}}