{"id":153,"date":"2023-06-12T11:28:05","date_gmt":"2023-06-12T09:28:05","guid":{"rendered":"http:\/\/creationspetitsloupscouture.fr\/?post_type=product&#038;p=153"},"modified":"2023-06-21T14:41:34","modified_gmt":"2023-06-21T12:41:34","slug":"gigoteuse","status":"publish","type":"product","link":"https:\/\/creationspetitsloupscouture.fr\/index.php\/produit\/gigoteuse\/","title":{"rendered":"Gigoteuse 3\/6 mois"},"content":{"rendered":"<div class=\"wp-block-column is-layout-flow wp-block-column-is-layout-flow\">\n<p>&#8211; Ext\u00e9rieur tissu 100% coton\/ Minky 100% polyester<\/p>\n<p>&#8211; Int\u00e9rieur tissu 100% coton Garnissage ouate 100% polyester<\/p>\n<p>&#8211; Lavage 30\u00b0<\/p>\n<p>&#8211; S\u00e8che-linge d\u00e9conseill\u00e9<\/p>\n<p>&#8211; Repassage autoris\u00e9 sauf sur Minky<\/p>\n<\/div>\n<div class=\"wp-block-column is-vertically-aligned-center is-layout-flow wp-block-column-is-layout-flow\">\n<div class=\"wp-block-image is-style-twentytwentyone-border\"><\/div>\n<\/div>\n","protected":false},"excerpt":{"rendered":"<p>Mod\u00e8le de l&rsquo;article : les <a href=\"https:\/\/creationspetitsloupscouture.fr\/index.php\/les-tissus\/\">tissus<\/a> sont \u00e0 choisir lors de la commande<\/p>\n<p>D\u00e9lais de fabrication : 7 jours<\/p>\n<p>Personnalisable<\/p>\n","protected":false},"featured_media":27,"comment_status":"open","ping_status":"closed","template":"","meta":[],"product_cat":[26],"product_tag":[],"class_list":["post-153","product","type-product","status-publish","has-post-thumbnail","hentry","product_cat-autre","entry"],"_links":{"self":[{"href":"https:\/\/creationspetitsloupscouture.fr\/index.php\/wp-json\/wp\/v2\/product\/153","targetHints":{"allow":["GET"]}}],"collection":[{"href":"https:\/\/creationspetitsloupscouture.fr\/index.php\/wp-json\/wp\/v2\/product"}],"about":[{"href":"https:\/\/creationspetitsloupscouture.fr\/index.php\/wp-json\/wp\/v2\/types\/product"}],"replies":[{"embeddable":true,"href":"https:\/\/creationspetitsloupscouture.fr\/index.php\/wp-json\/wp\/v2\/comments?post=153"}],"wp:featuredmedia":[{"embeddable":true,"href":"https:\/\/creationspetitsloupscouture.fr\/index.php\/wp-json\/wp\/v2\/media\/27"}],"wp:attachment":[{"href":"https:\/\/creationspetitsloupscouture.fr\/index.php\/wp-json\/wp\/v2\/media?parent=153"}],"wp:term":[{"taxonomy":"product_cat","embeddable":true,"href":"https:\/\/creationspetitsloupscouture.fr\/index.php\/wp-json\/wp\/v2\/product_cat?post=153"},{"taxonomy":"product_tag","embeddable":true,"href":"https:\/\/creationspetitsloupscouture.fr\/index.php\/wp-json\/wp\/v2\/product_tag?post=153"}],"curies":[{"name":"wp","href":"https:\/\/api.w.org\/{rel}","templated":true}]}}