{"id":156,"date":"2023-06-12T11:31:41","date_gmt":"2023-06-12T09:31:41","guid":{"rendered":"http:\/\/creationspetitsloupscouture.fr\/?post_type=product&#038;p=156"},"modified":"2023-06-15T09:32:52","modified_gmt":"2023-06-15T07:32:52","slug":"trousse","status":"publish","type":"product","link":"https:\/\/creationspetitsloupscouture.fr\/index.php\/produit\/trousse\/","title":{"rendered":"Trousse"},"content":{"rendered":"<p>&#8211; Tissu ext\u00e9rieur\/int\u00e9rieur 100% coton<\/p>\n<p>&#8211; Fermeture \u00e9clair 100% polyester<\/p>\n<p>&#8211; Lavage 30\u00b0<\/p>\n<p>&#8211; S\u00e8che-linge d\u00e9conseill\u00e9<\/p>\n<p>&#8211; Repassage autoris\u00e9<\/p>\n","protected":false},"excerpt":{"rendered":"<p>Mod\u00e8le de l&rsquo;article : les <a href=\"https:\/\/creationspetitsloupscouture.fr\/index.php\/les-tissus\/\">tissus<\/a> sont \u00e0 choisir lors de la commande<\/p>\n<p>D\u00e9lais de fabrication : 7 jours<\/p>\n","protected":false},"featured_media":249,"comment_status":"open","ping_status":"closed","template":"","meta":[],"product_cat":[26],"product_tag":[],"class_list":["post-156","product","type-product","status-publish","has-post-thumbnail","hentry","product_cat-autre","entry"],"_links":{"self":[{"href":"https:\/\/creationspetitsloupscouture.fr\/index.php\/wp-json\/wp\/v2\/product\/156","targetHints":{"allow":["GET"]}}],"collection":[{"href":"https:\/\/creationspetitsloupscouture.fr\/index.php\/wp-json\/wp\/v2\/product"}],"about":[{"href":"https:\/\/creationspetitsloupscouture.fr\/index.php\/wp-json\/wp\/v2\/types\/product"}],"replies":[{"embeddable":true,"href":"https:\/\/creationspetitsloupscouture.fr\/index.php\/wp-json\/wp\/v2\/comments?post=156"}],"wp:featuredmedia":[{"embeddable":true,"href":"https:\/\/creationspetitsloupscouture.fr\/index.php\/wp-json\/wp\/v2\/media\/249"}],"wp:attachment":[{"href":"https:\/\/creationspetitsloupscouture.fr\/index.php\/wp-json\/wp\/v2\/media?parent=156"}],"wp:term":[{"taxonomy":"product_cat","embeddable":true,"href":"https:\/\/creationspetitsloupscouture.fr\/index.php\/wp-json\/wp\/v2\/product_cat?post=156"},{"taxonomy":"product_tag","embeddable":true,"href":"https:\/\/creationspetitsloupscouture.fr\/index.php\/wp-json\/wp\/v2\/product_tag?post=156"}],"curies":[{"name":"wp","href":"https:\/\/api.w.org\/{rel}","templated":true}]}}