{"id":159,"date":"2023-06-12T11:35:12","date_gmt":"2023-06-12T09:35:12","guid":{"rendered":"http:\/\/creationspetitsloupscouture.fr\/?post_type=product&#038;p=159"},"modified":"2023-06-21T14:43:19","modified_gmt":"2023-06-21T12:43:19","slug":"range-pyjama","status":"publish","type":"product","link":"https:\/\/creationspetitsloupscouture.fr\/index.php\/produit\/range-pyjama\/","title":{"rendered":"Range pyjama"},"content":{"rendered":"<p>&#8211; Ext\u00e9rieur tissu 100% coton\/ Minky 100% polyester<\/p>\n<p>&#8211; Int\u00e9rieur tissu 100% coton Garnissage ouate 100% polyester<\/p>\n<p>&#8211; Lavage 30\u00b0<\/p>\n<p>&#8211; S\u00e8che-linge d\u00e9conseill\u00e9<\/p>\n<p>&#8211; Repassage autoris\u00e9 sauf sur Minky<\/p>\n","protected":false},"excerpt":{"rendered":"<p>Mod\u00e8le de l&rsquo;article : les <a href=\"https:\/\/creationspetitsloupscouture.fr\/index.php\/les-tissus\/\">tissus<\/a> sont \u00e0 choisir lors de la commande<\/p>\n<p>D\u00e9lais de fabrication : 7 jours<\/p>\n<p>Personnalisable<\/p>\n","protected":false},"featured_media":43,"comment_status":"open","ping_status":"closed","template":"","meta":[],"product_cat":[26],"product_tag":[],"class_list":["post-159","product","type-product","status-publish","has-post-thumbnail","hentry","product_cat-autre","entry"],"_links":{"self":[{"href":"https:\/\/creationspetitsloupscouture.fr\/index.php\/wp-json\/wp\/v2\/product\/159","targetHints":{"allow":["GET"]}}],"collection":[{"href":"https:\/\/creationspetitsloupscouture.fr\/index.php\/wp-json\/wp\/v2\/product"}],"about":[{"href":"https:\/\/creationspetitsloupscouture.fr\/index.php\/wp-json\/wp\/v2\/types\/product"}],"replies":[{"embeddable":true,"href":"https:\/\/creationspetitsloupscouture.fr\/index.php\/wp-json\/wp\/v2\/comments?post=159"}],"wp:featuredmedia":[{"embeddable":true,"href":"https:\/\/creationspetitsloupscouture.fr\/index.php\/wp-json\/wp\/v2\/media\/43"}],"wp:attachment":[{"href":"https:\/\/creationspetitsloupscouture.fr\/index.php\/wp-json\/wp\/v2\/media?parent=159"}],"wp:term":[{"taxonomy":"product_cat","embeddable":true,"href":"https:\/\/creationspetitsloupscouture.fr\/index.php\/wp-json\/wp\/v2\/product_cat?post=159"},{"taxonomy":"product_tag","embeddable":true,"href":"https:\/\/creationspetitsloupscouture.fr\/index.php\/wp-json\/wp\/v2\/product_tag?post=159"}],"curies":[{"name":"wp","href":"https:\/\/api.w.org\/{rel}","templated":true}]}}